{"id":8,"date":"2016-09-20T22:05:24","date_gmt":"2016-09-20T20:05:24","guid":{"rendered":"http:\/\/pssv.at\/?page_id=8"},"modified":"2020-02-24T12:31:37","modified_gmt":"2020-02-24T11:31:37","slug":"anfahrt","status":"publish","type":"page","link":"https:\/\/pssv.at\/?page_id=8","title":{"rendered":"IMPRESSUM &#038; ANFAHRT"},"content":{"rendered":"<p style=\"text-align: center;\"><strong>Puntigamer Sportsch\u00fctzenverein<\/strong><br \/>\nHerrgottwiesgasse 300<br \/>\n8055 Graz<br \/>\nAustria\/Europe<br \/>\nZVR 508516904<\/p>\n<p style=\"text-align: center;\"><a href=\"http:\/\/www.pssv.at\">www.pssv.at<\/a><br \/>\n<a href=\"http:\/\/www.puntigamersportschuetzenverein.at\">www.puntigamersportschuetzenverein.at<\/a><\/p>\n<p style=\"text-align: center;\">Email: <a href=\"mailto:office@pssv.at\">office[at]pssv.at<\/a><\/p>\n<p style=\"text-align: center;\"><strong>Koordinaten:<\/strong><br \/>\n47.0313265, 15.437661 bzw. 47\u00b0 1.88&#8242;, 15\u00b0 26.26&#8242;<\/p>\n<p style=\"text-align: justify;\">Triesterstra\u00dfe stadtausw\u00e4rts. Auf H\u00f6he Brauhaus Puntigam (links) biegen Sie bei der gro\u00dfen Kreuzung nach links in die Puntigamerstra\u00dfe ab. Danach biegen Sie an der ersten Ampel wieder links in die Herrgottwiesgasse ab. Ca. 30 Meter danach befindet sich auf der linken Seite unsere Einfahrt.<\/p>\n<p><iframe loading=\"lazy\" style=\"border: 0; align: center;\" src=\"https:\/\/www.google.com\/maps\/embed?pb=!1m18!1m12!1m3!1d2719.453558666387!2d15.435472315691804!3d47.03133013553222!2m3!1f0!2f0!3f0!3m2!1i1024!2i768!4f13.1!3m3!1m2!1s0x476fb552a865947f%3A0x974af3f94deb263c!2sHerrgottwiesgasse+300%2C+8055+Graz!5e0!3m2!1sde!2sat!4v1474395799673\" width=\"100%\" height=\"450\" frameborder=\"0\" allowfullscreen=\"allowfullscreen\"><\/iframe><\/p>\n","protected":false},"excerpt":{"rendered":"<p>Puntigamer Sportsch\u00fctzenverein Herrgottwiesgasse 300 8055 Graz Austria\/Europe ZVR 508516904 www.pssv.at www.puntigamersportschuetzenverein.at Email: office[at]pssv.at Koordinaten: 47.0313265, 15.437661 bzw. 47\u00b0 1.88&#8242;, 15\u00b0 26.26&#8242; Triesterstra\u00dfe stadtausw\u00e4rts. Auf H\u00f6he Brauhaus Puntigam (links) biegen Sie bei der gro\u00dfen Kreuzung nach links in die Puntigamerstra\u00dfe ab. Danach biegen Sie an der ersten Ampel wieder links in die Herrgottwiesgasse ab. Ca. 30 Meter danach befindet sich auf der linken Seite unsere Einfahrt.<\/p>\n","protected":false},"author":1,"featured_media":0,"parent":0,"menu_order":4,"comment_status":"closed","ping_status":"closed","template":"","meta":{"footnotes":""},"class_list":["post-8","page","type-page","status-publish","hentry"],"_links":{"self":[{"href":"https:\/\/pssv.at\/index.php?rest_route=\/wp\/v2\/pages\/8","targetHints":{"allow":["GET"]}}],"collection":[{"href":"https:\/\/pssv.at\/index.php?rest_route=\/wp\/v2\/pages"}],"about":[{"href":"https:\/\/pssv.at\/index.php?rest_route=\/wp\/v2\/types\/page"}],"author":[{"embeddable":true,"href":"https:\/\/pssv.at\/index.php?rest_route=\/wp\/v2\/users\/1"}],"replies":[{"embeddable":true,"href":"https:\/\/pssv.at\/index.php?rest_route=%2Fwp%2Fv2%2Fcomments&post=8"}],"version-history":[{"count":13,"href":"https:\/\/pssv.at\/index.php?rest_route=\/wp\/v2\/pages\/8\/revisions"}],"predecessor-version":[{"id":782,"href":"https:\/\/pssv.at\/index.php?rest_route=\/wp\/v2\/pages\/8\/revisions\/782"}],"wp:attachment":[{"href":"https:\/\/pssv.at\/index.php?rest_route=%2Fwp%2Fv2%2Fmedia&parent=8"}],"curies":[{"name":"wp","href":"https:\/\/api.w.org\/{rel}","templated":true}]}}