{"id":34,"date":"2016-09-23T19:29:58","date_gmt":"2016-09-23T17:29:58","guid":{"rendered":"http:\/\/pssv.at\/?page_id=34"},"modified":"2020-03-04T11:55:43","modified_gmt":"2020-03-04T10:55:43","slug":"links","status":"publish","type":"page","link":"https:\/\/pssv.at\/?page_id=34","title":{"rendered":"LINKS"},"content":{"rendered":"<p><strong>Verb\u00e4nde:<\/strong><br \/>\n<a href=\"http:\/\/www.ipscaustria.at\">IPSC-Austria<\/a><br \/>\n<a href=\"http:\/\/www.ipsc.org\">IPSC-International<\/a><br \/>\n<a href=\"https:\/\/www.asf-shooting.at\/de\"> Austria Sportsch\u00fctzen Fachverband<\/a><br \/>\n<a href=\"http:\/\/www.schuetzenbund.at\/\">\u00d6sterreichischer Sch\u00fctzenbund<\/a><br \/>\n<a href=\"http:\/\/www.st-lsb.at\/\">Steierm\u00e4rkischer Landessch\u00fctzenbund<\/a><\/p>\n<p><strong>Anmeldeplattformen IPSC:<\/strong><br \/>\n<a href=\"https:\/\/compsign.net\">COMPSIGN<\/a><br \/>\n<a href=\"http:\/\/ipsc-dvc.org\/\">IPSC-MOS<\/a><br \/>\n<a href=\"https:\/\/ipscmatch.de\">IPSCMATCH<\/a><br \/>\n<a href=\"https:\/\/practiscore.com\">PractiScore<\/a><\/p>\n<p><strong>Sponsoren:<\/strong><br \/>\n<a href=\"https:\/\/www.puntigamer.at\/\">Brauerei Puntigamer<\/a><br \/>\n<a href=\"http:\/\/www.foto-langhans.at\/\">Foto Langhans<\/a><br \/>\n<a href=\"https:\/\/www.raiffeisen.at\/stmk\/graz-strassgang\/de\/meine-bank\/bankstellen\/graz-strassgang-triester-strasse.html\">Raiffeisenbank Graz &#8211; Puntigam<\/a><\/p>\n<p><strong>IPSC Vereine STMK:<\/strong><br \/>\n<a href=\"http:\/\/www.lh-graz.at\/?page_id=31\">LH Graz<\/a><br \/>\n<a href=\"http:\/\/postschuetzengraz.at\/\">Postsportverein Graz (Post SV)<\/a><br \/>\n<a href=\"https:\/\/www.polizeisv-graz.at\/sektion-schiessen\/\">Polizeisportvereinigung Graz (PSV)<\/a><br \/>\n<a href=\"http:\/\/www.asc.or.at\/\">Aichfelder Sch\u00fctzen Club (ASC)<\/a><\/p>\n<p><strong>IPSC Vereine KNT:<\/strong><br \/>\n<a href=\"http:\/\/www.drautalersportschuetzen.at\/\">Drautaler Sportsch\u00fctzen (DSS)<\/a><br \/>\n<a href=\"https:\/\/www.sportschuetzen-klagenfurt.at\/\">Sportschuetzen Klagenfurt<\/a><br \/>\n<a href=\"https:\/\/www.ssv-w\u00f6rthersee.at\/\">HSV Klagenfurt Sektion Schie\u00dfen (SSV W\u00f6rthersee)<\/a><\/p>\n","protected":false},"excerpt":{"rendered":"<p>Verb\u00e4nde: IPSC-Austria IPSC-International Austria Sportsch\u00fctzen Fachverband \u00d6sterreichischer Sch\u00fctzenbund Steierm\u00e4rkischer Landessch\u00fctzenbund Anmeldeplattformen IPSC: COMPSIGN IPSC-MOS IPSCMATCH PractiScore Sponsoren: Brauerei Puntigamer Foto Langhans Raiffeisenbank Graz &#8211; Puntigam IPSC Vereine STMK: LH Graz Postsportverein Graz (Post SV) Polizeisportvereinigung Graz (PSV) Aichfelder Sch\u00fctzen Club (ASC) IPSC Vereine KNT: Drautaler Sportsch\u00fctzen (DSS) Sportschuetzen Klagenfurt HSV Klagenfurt Sektion Schie\u00dfen (SSV W\u00f6rthersee)<\/p>\n","protected":false},"author":1,"featured_media":0,"parent":0,"menu_order":6,"comment_status":"closed","ping_status":"closed","template":"","meta":{"footnotes":""},"class_list":["post-34","page","type-page","status-publish","hentry"],"_links":{"self":[{"href":"https:\/\/pssv.at\/index.php?rest_route=\/wp\/v2\/pages\/34","targetHints":{"allow":["GET"]}}],"collection":[{"href":"https:\/\/pssv.at\/index.php?rest_route=\/wp\/v2\/pages"}],"about":[{"href":"https:\/\/pssv.at\/index.php?rest_route=\/wp\/v2\/types\/page"}],"author":[{"embeddable":true,"href":"https:\/\/pssv.at\/index.php?rest_route=\/wp\/v2\/users\/1"}],"replies":[{"embeddable":true,"href":"https:\/\/pssv.at\/index.php?rest_route=%2Fwp%2Fv2%2Fcomments&post=34"}],"version-history":[{"count":23,"href":"https:\/\/pssv.at\/index.php?rest_route=\/wp\/v2\/pages\/34\/revisions"}],"predecessor-version":[{"id":842,"href":"https:\/\/pssv.at\/index.php?rest_route=\/wp\/v2\/pages\/34\/revisions\/842"}],"wp:attachment":[{"href":"https:\/\/pssv.at\/index.php?rest_route=%2Fwp%2Fv2%2Fmedia&parent=34"}],"curies":[{"name":"wp","href":"https:\/\/api.w.org\/{rel}","templated":true}]}}